{"id":1722,"date":"2024-11-13T17:28:32","date_gmt":"2024-11-13T17:28:32","guid":{"rendered":"https:\/\/altes-gemeindehaus.de\/familienzentrum\/?page_id=1722"},"modified":"2025-06-24T09:00:13","modified_gmt":"2025-06-24T09:00:13","slug":"offene-angebote","status":"publish","type":"page","link":"https:\/\/altes-gemeindehaus.de\/familienzentrum\/offene-angebote\/","title":{"rendered":"Offene Angebote"},"content":{"rendered":"\n<h4 class=\"wp-block-heading\">Offene und regelm\u00e4\u00dfige Angebote im Familienzentrum<\/h4>\n\n\n\n<p><strong>Offener Treff am Freitag Vormittag <\/strong>f\u00fcr Eltern mit Kindern von 0 bis 3 Jahren und allen, die sich Kontakt und Austausch w\u00fcnschen oder Kontakt zum Familienzentrum aufnehmen m\u00f6chten <\/p>\n\n\n\n<p><strong>Caf\u00e9 Latte mit Hebamme Melanie Schmid<\/strong> jeden zweiten Freitag im Monat ab 9.30 Uhr<\/p>\n\n\n\n<p><strong>Winterspielplatz<\/strong> f\u00fcr Familien mit Kindern am Montag Nachmittag (ab Mitte November bis Ostern)<\/p>\n\n\n\n<p><strong>Eltern.Sein Elterncaf\u00e9<\/strong> mit Psychologin (M.Sc.) und Psych. Psychotherapeutin (i.A.) Lisa-Marie Braun<\/p>\n\n\n\n<p><strong>Offenes Spielangebot f\u00fcr Kinder von 6 bis 14 Jahren <\/strong>mit dem Team der EHS Albtrauf von Stiftung Tragwerk jeden Donnerstag von 17.00 Uhr bis 18.00 Uhr vor dem Familienzentrum (bei schlechtem Wetter im Familienzentrum, 2.OG)<\/p>\n\n\n\n<figure class=\"wp-block-image size-large\"><a href=\"https:\/\/altes-gemeindehaus.de\/familienzentrum\/wp-content\/uploads\/2025\/06\/Kopie-von-Programm-MaiJuni2025-1.jpg\"><img loading=\"lazy\" decoding=\"async\" width=\"724\" height=\"1024\" src=\"https:\/\/altes-gemeindehaus.de\/familienzentrum\/wp-content\/uploads\/2025\/06\/Kopie-von-Programm-MaiJuni2025-1-724x1024.jpg\" alt=\"\" class=\"wp-image-1887\" srcset=\"https:\/\/altes-gemeindehaus.de\/familienzentrum\/wp-content\/uploads\/2025\/06\/Kopie-von-Programm-MaiJuni2025-1-724x1024.jpg 724w, https:\/\/altes-gemeindehaus.de\/familienzentrum\/wp-content\/uploads\/2025\/06\/Kopie-von-Programm-MaiJuni2025-1-212x300.jpg 212w, https:\/\/altes-gemeindehaus.de\/familienzentrum\/wp-content\/uploads\/2025\/06\/Kopie-von-Programm-MaiJuni2025-1-768x1086.jpg 768w, https:\/\/altes-gemeindehaus.de\/familienzentrum\/wp-content\/uploads\/2025\/06\/Kopie-von-Programm-MaiJuni2025-1-1086x1536.jpg 1086w, https:\/\/altes-gemeindehaus.de\/familienzentrum\/wp-content\/uploads\/2025\/06\/Kopie-von-Programm-MaiJuni2025-1.jpg 1414w\" sizes=\"auto, (max-width: 724px) 100vw, 724px\" \/><\/a><\/figure>\n\n\n","protected":false},"excerpt":{"rendered":"<p>Offene und regelm\u00e4\u00dfige Angebote im Familienzentrum Offener Treff am Freitag Vormittag f\u00fcr Eltern mit Kindern von 0 bis 3 Jahren und allen, die sich Kontakt [&hellip;]<\/p>\n","protected":false},"author":1,"featured_media":0,"parent":0,"menu_order":0,"comment_status":"closed","ping_status":"closed","template":"","meta":{"footnotes":""},"class_list":["post-1722","page","type-page","status-publish","hentry"],"_links":{"self":[{"href":"https:\/\/altes-gemeindehaus.de\/familienzentrum\/wp-json\/wp\/v2\/pages\/1722","targetHints":{"allow":["GET"]}}],"collection":[{"href":"https:\/\/altes-gemeindehaus.de\/familienzentrum\/wp-json\/wp\/v2\/pages"}],"about":[{"href":"https:\/\/altes-gemeindehaus.de\/familienzentrum\/wp-json\/wp\/v2\/types\/page"}],"author":[{"embeddable":true,"href":"https:\/\/altes-gemeindehaus.de\/familienzentrum\/wp-json\/wp\/v2\/users\/1"}],"replies":[{"embeddable":true,"href":"https:\/\/altes-gemeindehaus.de\/familienzentrum\/wp-json\/wp\/v2\/comments?post=1722"}],"version-history":[{"count":3,"href":"https:\/\/altes-gemeindehaus.de\/familienzentrum\/wp-json\/wp\/v2\/pages\/1722\/revisions"}],"predecessor-version":[{"id":1888,"href":"https:\/\/altes-gemeindehaus.de\/familienzentrum\/wp-json\/wp\/v2\/pages\/1722\/revisions\/1888"}],"wp:attachment":[{"href":"https:\/\/altes-gemeindehaus.de\/familienzentrum\/wp-json\/wp\/v2\/media?parent=1722"}],"curies":[{"name":"wp","href":"https:\/\/api.w.org\/{rel}","templated":true}]}}