{"id":773,"date":"2020-06-10T21:33:21","date_gmt":"2020-06-10T21:33:21","guid":{"rendered":"http:\/\/altes-gemeindehaus.de\/familienzentrum\/?page_id=773"},"modified":"2025-11-07T16:54:59","modified_gmt":"2025-11-07T16:54:59","slug":"betreuung","status":"publish","type":"page","link":"https:\/\/altes-gemeindehaus.de\/familienzentrum\/betreuung\/","title":{"rendered":"Betreuung"},"content":{"rendered":"\n<p><strong>Betreuung <\/strong><\/p>\n\n\n\n<p>Wir informieren Sie \u00fcber s\u00e4mtliche M\u00f6glichkeiten der <strong>Kinderbetreuung<\/strong> in der Gemeinde Dettingen und kooperieren sowohl mit den Kinderbetreuungseinrichtungen im Ort, als auch mit dem Tageselternverein Kirchheim. Zudem f\u00fchren wir eine Liste mit Babysitterinnen und Babysittern, die einen Babysitterkurs beim Kinderschutzbund abgeschlossen haben.<\/p>\n\n\n\n<p><strong>U3 Betreuung<\/strong><\/p>\n\n\n\n<p><\/p>\n\n\n\n<p><strong><em>Evangelische Kindertagesst\u00e4tte <br><\/em>Regenbogenknirpse (1 &#8211; 3 Jahre)<br><\/strong>Hintere Stra\u00dfe 77<br>73265 Dettingen unter Teck<br>Telefon: 07021\/4899922<br><a>kita@rbknirpse-dettingen.de<\/a><br><a href=\"https:\/\/www.regenbogen-dettingen.de\">https:\/\/www.regenbogen-dettingen.de<\/a><\/p>\n\n\n\n<p><strong>Regenbogenknirpse (1 &#8211; 3 Jahre)<br><\/strong>Am Breitenstein 15<br>73265 Dettingen unter Teck<br>Telefon: 07021\/5044928<br><a href=\"mailto:kita@rbknirpse-dettingen.de\">kita@rbknirpse-dettingen.de<\/a><br><a href=\"https:\/\/www.regenbogen-dettingen.de\">https:\/\/www.regenbogen-dettingen.de<\/a><\/p>\n\n\n\n<p><strong>Regenbogenknirpse\/Spielgruppe (2 &#8211; 3 Jahre)<br><\/strong>Alte Bissingerstr. 55 (Gemeindezentrum Guckenrain)<br>73265 Dettingen unter Teck<br>Telefon: 07021\/959316<br>Telefon: 07021\/5044928<br><a href=\"mailto:kita@rbknirpse-dettingen.de\">kita@rbknirpse-dettingen.de<\/a><br><a href=\"https:\/\/www.regenbogen-dettingen.de\">https:\/\/www.regenbogen-dettingen.de<\/a><\/p>\n\n\n\n<p><\/p>\n\n\n\n<p><strong><em>Kindertagesst\u00e4tte Wirbelwin<\/em><\/strong><em><strong>d<\/strong><\/em><\/p>\n\n\n\n<p><strong>Kindertagesst\u00e4tte Wirbelwind<\/strong> <strong>(1- 3 Jahre)<\/strong><br>Albert-Sch\u00fcle-Weg 22<br>73265 Dettingen unter Teck<br>Telefon: 07021-54367<br><a href=\"mailto:kita@wirbelwind-dettingen.de\">kita@wirbelwind-dettingen.de<\/a><br><a href=\"https:\/\/www.wirbelwind-dettingen.de\">https:\/\/www.wirbelwind-dettingen.de<\/a><\/p>\n\n\n\n<p><strong>\u00dc3 Betreuung<\/strong><\/p>\n\n\n\n<p><strong><em>Evangelische Kindertagesst\u00e4tte<\/em><\/strong><\/p>\n\n\n\n<p><strong>Regenbogen (3 &#8211; 6 Jahre)<\/strong><br>Hintere Stra\u00dfe 85<br>73265 Dettingen unter Teck<br>Telefon: 07021\/865704<br><a>kita@regenbogen-dettingen.de<\/a><br><a href=\"https:\/\/www.regenbogen-dettingen.de\">https:\/\/www.regenbogen-dettingen.de<\/a><\/p>\n\n\n\n<p><strong><em>Kindertagesst\u00e4tte Wirbelwind<\/em><\/strong><\/p>\n\n\n\n<p><strong>Kindertagesst\u00e4tte Wirbelwind<\/strong> <strong>(3 &#8211; 6 Jahre)<\/strong><br>Albert-Sch\u00fcle-Weg 22<br>73265 Dettingen unter Teck<br>Telefon: 07021-54367<br><a href=\"mailto:kita@wirbelwind-dettingen.de\">kita@wirbelwind-dettingen.de<\/a><br><a href=\"https:\/\/www.wirbelwind-dettingen.de\">https:\/\/www.wirbelwind-dettingen.de<\/a><\/p>\n\n\n\n<p><strong>Verl\u00e4ssliche Grundschule\/Sch\u00fclerhort<\/strong><\/p>\n\n\n\n<p>Rauberweg 6<br>73265 Dettingen unter Teck<br>Telefon: 07021 \/ 98031-24<\/p>\n\n\n\n<p><a href=\"https:\/\/www.dettingen-teck.de\/media\/files\/informationsbroschueren\/verlaessliche_grundschule_info.pdf\">https:\/\/www.dettingen-teck.de\/media\/files\/informationsbroschueren\/verlaessliche_grundschule_info.pdf<\/a><\/p>\n\n\n\n<p><strong>Tageselternverein <\/strong><\/p>\n\n\n\n<p>Sch\u00fclestrasse 13<br>73230 Kirchheim<br>Telefon: 07021 \/ 8072364<br><a href=\"https:\/\/www.tev-kreis-es.de\/104\">https:\/\/www.tev-kreis-es.de\/104<\/a><\/p>\n","protected":false},"excerpt":{"rendered":"<p>Betreuung Wir informieren Sie \u00fcber s\u00e4mtliche M\u00f6glichkeiten der Kinderbetreuung in der Gemeinde Dettingen und kooperieren sowohl mit den Kinderbetreuungseinrichtungen im Ort, als auch mit dem [&hellip;]<\/p>\n","protected":false},"author":1,"featured_media":0,"parent":0,"menu_order":0,"comment_status":"closed","ping_status":"closed","template":"","meta":{"footnotes":""},"class_list":["post-773","page","type-page","status-publish","hentry"],"_links":{"self":[{"href":"https:\/\/altes-gemeindehaus.de\/familienzentrum\/wp-json\/wp\/v2\/pages\/773","targetHints":{"allow":["GET"]}}],"collection":[{"href":"https:\/\/altes-gemeindehaus.de\/familienzentrum\/wp-json\/wp\/v2\/pages"}],"about":[{"href":"https:\/\/altes-gemeindehaus.de\/familienzentrum\/wp-json\/wp\/v2\/types\/page"}],"author":[{"embeddable":true,"href":"https:\/\/altes-gemeindehaus.de\/familienzentrum\/wp-json\/wp\/v2\/users\/1"}],"replies":[{"embeddable":true,"href":"https:\/\/altes-gemeindehaus.de\/familienzentrum\/wp-json\/wp\/v2\/comments?post=773"}],"version-history":[{"count":16,"href":"https:\/\/altes-gemeindehaus.de\/familienzentrum\/wp-json\/wp\/v2\/pages\/773\/revisions"}],"predecessor-version":[{"id":2059,"href":"https:\/\/altes-gemeindehaus.de\/familienzentrum\/wp-json\/wp\/v2\/pages\/773\/revisions\/2059"}],"wp:attachment":[{"href":"https:\/\/altes-gemeindehaus.de\/familienzentrum\/wp-json\/wp\/v2\/media?parent=773"}],"curies":[{"name":"wp","href":"https:\/\/api.w.org\/{rel}","templated":true}]}}